{"id":28934,"date":"2024-01-30T12:12:41","date_gmt":"2024-01-30T11:12:41","guid":{"rendered":"https:\/\/pri.mpci.gov.gn\/?page_id=28934"},"modified":"2024-02-10T07:24:21","modified_gmt":"2024-02-10T07:24:21","slug":"presse","status":"publish","type":"page","link":"https:\/\/pri.mpci.gov.gn\/index.php\/table-ronde-pri-2023\/presse\/","title":{"rendered":"PRESSE"},"content":{"rendered":"\t\t<div data-elementor-type=\"wp-page\" data-elementor-id=\"28934\" class=\"elementor elementor-28934\" data-elementor-post-type=\"page\">\n\t\t\t\t\t\t<section class=\"elementor-section elementor-top-section elementor-element elementor-element-7ac40e9 elementor-section-boxed elementor-section-height-default elementor-section-height-default\" data-id=\"7ac40e9\" data-element_type=\"section\" data-e-type=\"section\">\n\t\t\t\t\t\t<div class=\"elementor-container elementor-column-gap-default\">\n\t\t\t\t\t<div class=\"elementor-column elementor-col-100 elementor-top-column elementor-element elementor-element-547a740\" data-id=\"547a740\" data-element_type=\"column\" data-e-type=\"column\">\n\t\t\t<div class=\"elementor-widget-wrap elementor-element-populated\">\n\t\t\t\t\t\t<div class=\"elementor-element elementor-element-67aca1a elementor-widget elementor-widget-heading\" data-id=\"67aca1a\" data-element_type=\"widget\" data-e-type=\"widget\" data-widget_type=\"heading.default\">\n\t\t\t\t<div class=\"elementor-widget-container\">\n\t\t\t\t\t<h4 class=\"elementor-heading-title elementor-size-default\">ARTICLES DU DOSSIER DU PRI 2024<\/h4>\t\t\t\t<\/div>\n\t\t\t\t<\/div>\n\t\t\t\t<div class=\"elementor-element elementor-element-07b49ae elementor-widget elementor-widget-spacer\" data-id=\"07b49ae\" data-element_type=\"widget\" data-e-type=\"widget\" data-widget_type=\"spacer.default\">\n\t\t\t\t<div class=\"elementor-widget-container\">\n\t\t\t\t\t\t\t<div class=\"elementor-spacer\">\n\t\t\t<div class=\"elementor-spacer-inner\"><\/div>\n\t\t<\/div>\n\t\t\t\t\t\t<\/div>\n\t\t\t\t<\/div>\n\t\t\t\t<div class=\"elementor-element elementor-element-56c97a6 elementor-widget elementor-widget-wp-widget-recent-posts\" data-id=\"56c97a6\" data-element_type=\"widget\" data-e-type=\"widget\" data-widget_type=\"wp-widget-recent-posts.default\">\n\t\t\t\t<div class=\"elementor-widget-container\">\n\t\t\t\t\t\n\t\t\n\t\t<h5>Table ronde des bailleurs<\/h5>\n\t\t<ul>\n\t\t\t\t\t\t\t\t\t\t\t<li>\n\t\t\t\t\t<a href=\"https:\/\/pri.mpci.gov.gn\/index.php\/2023\/09\/07\/bref-apercu-de-la-guinee\/\">Bref aper\u00e7u sur la Guin\u00e9e<\/a>\n\t\t\t\t\t\t\t\t\t\t\t<span class=\"post-date\">7 septembre 2023<\/span>\n\t\t\t\t\t\t\t\t\t<\/li>\n\t\t\t\t\t\t\t\t\t\t\t<li>\n\t\t\t\t\t<a href=\"https:\/\/pri.mpci.gov.gn\/index.php\/2023\/09\/07\/table-ronde-des-bailleurs-de-fonds-sur-le-programme-de-reference-interimaire-pri-2024\/\">Table Ronde des Bailleurs de fonds sur le Programme de R\u00e9f\u00e9rence Int\u00e9rimaire (PRI) 2024<\/a>\n\t\t\t\t\t\t\t\t\t\t\t<span class=\"post-date\">7 septembre 2023<\/span>\n\t\t\t\t\t\t\t\t\t<\/li>\n\t\t\t\t\t<\/ul>\n\n\t\t\t\t\t\t<\/div>\n\t\t\t\t<\/div>\n\t\t\t\t\t<\/div>\n\t\t<\/div>\n\t\t\t\t\t<\/div>\n\t\t<\/section>\n\t\t\t\t<\/div>\n\t\t","protected":false},"excerpt":{"rendered":"<p>ARTICLES DU DOSSIER DU PRI 2024<\/p>\n","protected":false},"author":3,"featured_media":0,"parent":28213,"menu_order":0,"comment_status":"closed","ping_status":"closed","template":"","meta":{"footnotes":""},"class_list":["post-28934","page","type-page","status-publish","hentry"],"_links":{"self":[{"href":"https:\/\/pri.mpci.gov.gn\/index.php\/wp-json\/wp\/v2\/pages\/28934","targetHints":{"allow":["GET"]}}],"collection":[{"href":"https:\/\/pri.mpci.gov.gn\/index.php\/wp-json\/wp\/v2\/pages"}],"about":[{"href":"https:\/\/pri.mpci.gov.gn\/index.php\/wp-json\/wp\/v2\/types\/page"}],"author":[{"embeddable":true,"href":"https:\/\/pri.mpci.gov.gn\/index.php\/wp-json\/wp\/v2\/users\/3"}],"replies":[{"embeddable":true,"href":"https:\/\/pri.mpci.gov.gn\/index.php\/wp-json\/wp\/v2\/comments?post=28934"}],"version-history":[{"count":22,"href":"https:\/\/pri.mpci.gov.gn\/index.php\/wp-json\/wp\/v2\/pages\/28934\/revisions"}],"predecessor-version":[{"id":28961,"href":"https:\/\/pri.mpci.gov.gn\/index.php\/wp-json\/wp\/v2\/pages\/28934\/revisions\/28961"}],"up":[{"embeddable":true,"href":"https:\/\/pri.mpci.gov.gn\/index.php\/wp-json\/wp\/v2\/pages\/28213"}],"wp:attachment":[{"href":"https:\/\/pri.mpci.gov.gn\/index.php\/wp-json\/wp\/v2\/media?parent=28934"}],"curies":[{"name":"wp","href":"https:\/\/api.w.org\/{rel}","templated":true}]}}